{"id":1489,"date":"2024-07-12T20:06:23","date_gmt":"2024-07-12T18:06:23","guid":{"rendered":"https:\/\/balo.valo139.net\/?page_id=1489"},"modified":"2024-07-14T13:05:26","modified_gmt":"2024-07-14T11:05:26","slug":"spendenaktion-weihnachten-im-schuhkarton","status":"publish","type":"page","link":"https:\/\/balo.valo139.net\/index.php\/spendenaktion-weihnachten-im-schuhkarton\/","title":{"rendered":"Spendenaktion: Weihnachten im Schuhkarton"},"content":{"rendered":"\t\t<div data-elementor-type=\"wp-page\" data-elementor-id=\"1489\" class=\"elementor elementor-1489\">\n\t\t\t\t<div class=\"elementor-element elementor-element-45829cd4 e-con-full e-flex e-con e-parent\" data-id=\"45829cd4\" data-element_type=\"container\">\n\t\t\t\t<div class=\"elementor-element elementor-element-ce94fb5 elementor-widget elementor-widget-text-editor\" data-id=\"ce94fb5\" data-element_type=\"widget\" data-widget_type=\"text-editor.default\">\n\t\t\t\t<div class=\"elementor-widget-container\">\n\t\t\t<style>\/*! elementor - v3.23.0 - 05-08-2024 *\/\n.elementor-widget-text-editor.elementor-drop-cap-view-stacked .elementor-drop-cap{background-color:#69727d;color:#fff}.elementor-widget-text-editor.elementor-drop-cap-view-framed .elementor-drop-cap{color:#69727d;border:3px solid;background-color:transparent}.elementor-widget-text-editor:not(.elementor-drop-cap-view-default) .elementor-drop-cap{margin-top:8px}.elementor-widget-text-editor:not(.elementor-drop-cap-view-default) .elementor-drop-cap-letter{width:1em;height:1em}.elementor-widget-text-editor .elementor-drop-cap{float:left;text-align:center;line-height:1;font-size:50px}.elementor-widget-text-editor .elementor-drop-cap-letter{display:inline-block}<\/style>\t\t\t\t<!-- wp:paragraph {\"align\":\"center\",\"backgroundColor\":\"primary\"} -->\n<p class=\"has-text-align-center has-primary-background-color has-background\"><strong>Liebe l\u00e4sst sich einpacken<br>&#8230; f\u00fcr bed\u00fcrftige Kinder weltweit<\/strong><\/p>\n<!-- \/wp:paragraph -->\n\n<!-- wp:gallery {\"linkTo\":\"none\"} -->\n<figure class=\"wp-block-gallery has-nested-images columns-default is-cropped\"><!-- wp:image {\"id\":1632,\"sizeSlug\":\"large\",\"linkDestination\":\"none\"} -->\n<figure class=\"wp-block-image size-large\"><img fetchpriority=\"high\" decoding=\"async\" width=\"1024\" height=\"683\" src=\"https:\/\/balo.valo139.net\/wp-content\/uploads\/2024\/07\/2233RO-H-740-1024x683.jpg\" alt=\"\" class=\"wp-image-1632\" srcset=\"https:\/\/balo.valo139.net\/wp-content\/uploads\/2024\/07\/2233RO-H-740-1024x683.jpg 1024w, https:\/\/balo.valo139.net\/wp-content\/uploads\/2024\/07\/2233RO-H-740-300x200.jpg 300w, https:\/\/balo.valo139.net\/wp-content\/uploads\/2024\/07\/2233RO-H-740-768x512.jpg 768w, https:\/\/balo.valo139.net\/wp-content\/uploads\/2024\/07\/2233RO-H-740-1536x1024.jpg 1536w, https:\/\/balo.valo139.net\/wp-content\/uploads\/2024\/07\/2233RO-H-740-2048x1365.jpg 2048w, https:\/\/balo.valo139.net\/wp-content\/uploads\/2024\/07\/2233RO-H-740-600x400.jpg 600w, https:\/\/balo.valo139.net\/wp-content\/uploads\/2024\/07\/2233RO-H-740-1200x800.jpg 1200w\" sizes=\"(max-width: 1024px) 100vw, 1024px\" \/><\/figure>\n<!-- \/wp:image --><\/figure>\n<!-- \/wp:gallery -->\n\n<!-- wp:paragraph -->\n<p>\u201eWeihnachten im Schuhkarton\u00ae\u201c ist die beliebteste Geschenkaktion weltweit. <strong>Unter dem Motto \u201eLiebe l\u00e4sst sich einpacken\u201c erleben Kinder in Not teilweise ihr erstes Geschenk \u00fcberhaupt. <\/strong>International ist die Aktion unter dem Namen \u201eOperation Christmas Child\u201c bekannt.&nbsp;Seit 1993 wurden weltweit bereits \u00fcber 220&nbsp;Millionen Kinder in \u00fcber 150 L\u00e4ndern erreicht.<\/p>\n<!-- \/wp:paragraph -->\n\n<!-- wp:paragraph -->\n<p><a href=\"https:\/\/www.die-samariter.org\/projekte\/weihnachten-im-schuhkarton\/ueber-die-aktion\">https:\/\/www.die-samariter.org\/projekte\/weihnachten-im-schuhkarton\/ueber-die-aktion<\/a><\/p>\n<!-- \/wp:paragraph -->\n\n<!-- wp:image {\"id\":1637,\"sizeSlug\":\"large\",\"linkDestination\":\"none\"} -->\n<figure class=\"wp-block-image size-large\"><img decoding=\"async\" width=\"1024\" height=\"683\" src=\"https:\/\/balo.valo139.net\/wp-content\/uploads\/2024\/07\/2233RO-H-667-1024x683.jpg\" alt=\"\" class=\"wp-image-1637\" srcset=\"https:\/\/balo.valo139.net\/wp-content\/uploads\/2024\/07\/2233RO-H-667-1024x683.jpg 1024w, https:\/\/balo.valo139.net\/wp-content\/uploads\/2024\/07\/2233RO-H-667-300x200.jpg 300w, https:\/\/balo.valo139.net\/wp-content\/uploads\/2024\/07\/2233RO-H-667-768x512.jpg 768w, https:\/\/balo.valo139.net\/wp-content\/uploads\/2024\/07\/2233RO-H-667-1536x1024.jpg 1536w, https:\/\/balo.valo139.net\/wp-content\/uploads\/2024\/07\/2233RO-H-667-2048x1366.jpg 2048w, https:\/\/balo.valo139.net\/wp-content\/uploads\/2024\/07\/2233RO-H-667-600x400.jpg 600w, https:\/\/balo.valo139.net\/wp-content\/uploads\/2024\/07\/2233RO-H-667-1200x800.jpg 1200w\" sizes=\"(max-width: 1024px) 100vw, 1024px\" \/><\/figure>\n<!-- \/wp:image -->\n\n<!-- wp:paragraph -->\n<p>Auch die Schweiz hat das Privileg ein Geberland zu sein und Geschenke vor allem f\u00fcr Kinder in Osteuropa zu packen. Die Hauptsammelstelle der Schweiz ist in Basel und als offizieller Verein ein Teil von Weihnachten im Schuhkarton beziehungsweise der englischen Organisation Samaritan\u2019s Purse angehangen. Er ist auf Geld- und Sachspenden sowie viele freiwillige Helfer und Helferinnen angewiesen.<\/p>\n<!-- \/wp:paragraph -->\n\n<!-- wp:image {\"id\":1641,\"sizeSlug\":\"large\",\"linkDestination\":\"none\"} -->\n<figure class=\"wp-block-image size-large\"><img decoding=\"async\" width=\"576\" height=\"1024\" src=\"https:\/\/balo.valo139.net\/wp-content\/uploads\/2024\/07\/Wie-packen-mit-576x1024.jpg\" alt=\"\" class=\"wp-image-1641\" srcset=\"https:\/\/balo.valo139.net\/wp-content\/uploads\/2024\/07\/Wie-packen-mit-576x1024.jpg 576w, https:\/\/balo.valo139.net\/wp-content\/uploads\/2024\/07\/Wie-packen-mit-169x300.jpg 169w, https:\/\/balo.valo139.net\/wp-content\/uploads\/2024\/07\/Wie-packen-mit-768x1365.jpg 768w, https:\/\/balo.valo139.net\/wp-content\/uploads\/2024\/07\/Wie-packen-mit-864x1536.jpg 864w, https:\/\/balo.valo139.net\/wp-content\/uploads\/2024\/07\/Wie-packen-mit-600x1067.jpg 600w, https:\/\/balo.valo139.net\/wp-content\/uploads\/2024\/07\/Wie-packen-mit.jpg 1080w\" sizes=\"(max-width: 576px) 100vw, 576px\" \/><\/figure>\n<!-- \/wp:image -->\n\n<!-- wp:paragraph -->\n<p>Das Engagement der \u00abWeihnachtswerkstatt\u00bb konzentriert sich auf das Kontrollieren der gepackten Schuhkartons. Es muss sichergestellt werden, dass nur neue und selbstgemachte und dem Alter entsprechende Geschenke enthalten sind. Beschenkt werden Kinder im Alter zwischen 2 \u2013 14 Jahren. Um fehlenden oder unpassende Geschenke zu ersetzen, sammeln die Ehrenamtlichen das ganze Jahr \u00fcber Sachspenden, organisieren Marktst\u00e4nde um Spenden zu generieren oder stricken und h\u00e4keln warme M\u00fctze, Schals und Handschuhe.<\/p>\n<!-- \/wp:paragraph -->\n\n<!-- wp:paragraph -->\n<p>M\u00f6chtest auch du einem bed\u00fcrftigen Kind eine Freude bereiten? Dann packe auch du einen Schuhkarton. Alle Infos findest du unter <a href=\"http:\/\/www.wis.li\/\">www.wis.li<\/a><\/p>\n<!-- \/wp:paragraph -->\n\n<!-- wp:paragraph -->\n<p>Dir ist das Packen eines Kartons zu aufw\u00e4ndig? Dann kannst du auch spenden:<\/p>\n<!-- \/wp:paragraph -->\n\n<!-- wp:list {\"ordered\":true} -->\n<ol><!-- wp:list-item -->\n<li>Kontoverbindung: CH09 0076 9438 0631 0200 1 (BLKB, 4410 Liestal)<br>\u00abSammelstelle Basel &#8211; Weihnachten im Schuhkarton\u00bb<br>(Vertreten durch: Barbara Doppler, Ettingerstrasse 42, 4106 Therwil)<\/li>\n<!-- \/wp:list-item -->\n\n<!-- wp:list-item -->\n<li><a href=\"https:\/\/www.paypal.com\/paypalme\/mitpacken\">https:\/\/www.paypal.com\/paypalme\/mitpacken<\/a><\/li>\n<!-- \/wp:list-item -->\n\n<!-- wp:list-item -->\n<li>TWINT (nur f\u00fcr Schweizer)<\/li>\n<!-- \/wp:list-item --><\/ol>\n<!-- \/wp:list -->\n\n<!-- wp:image {\"id\":1642,\"sizeSlug\":\"full\",\"linkDestination\":\"none\"} -->\n<figure class=\"wp-block-image size-full\"><img loading=\"lazy\" decoding=\"async\" width=\"670\" height=\"462\" src=\"https:\/\/balo.valo139.net\/wp-content\/uploads\/2024\/07\/Twint-Spenden.png\" alt=\"\" class=\"wp-image-1642\" srcset=\"https:\/\/balo.valo139.net\/wp-content\/uploads\/2024\/07\/Twint-Spenden.png 670w, https:\/\/balo.valo139.net\/wp-content\/uploads\/2024\/07\/Twint-Spenden-300x207.png 300w, https:\/\/balo.valo139.net\/wp-content\/uploads\/2024\/07\/Twint-Spenden-600x414.png 600w\" sizes=\"(max-width: 670px) 100vw, 670px\" \/><\/figure>\n<!-- \/wp:image -->\n\n<!-- wp:image {\"id\":1644,\"sizeSlug\":\"large\",\"linkDestination\":\"none\"} -->\n<figure class=\"wp-block-image size-large\"><img loading=\"lazy\" decoding=\"async\" width=\"819\" height=\"1024\" src=\"https:\/\/balo.valo139.net\/wp-content\/uploads\/2024\/07\/Danke-fuers-Mitmachen-819x1024.jpg\" alt=\"\" class=\"wp-image-1644\" srcset=\"https:\/\/balo.valo139.net\/wp-content\/uploads\/2024\/07\/Danke-fuers-Mitmachen-819x1024.jpg 819w, https:\/\/balo.valo139.net\/wp-content\/uploads\/2024\/07\/Danke-fuers-Mitmachen-240x300.jpg 240w, https:\/\/balo.valo139.net\/wp-content\/uploads\/2024\/07\/Danke-fuers-Mitmachen-768x960.jpg 768w, https:\/\/balo.valo139.net\/wp-content\/uploads\/2024\/07\/Danke-fuers-Mitmachen-600x750.jpg 600w, https:\/\/balo.valo139.net\/wp-content\/uploads\/2024\/07\/Danke-fuers-Mitmachen.jpg 1080w\" sizes=\"(max-width: 819px) 100vw, 819px\" \/><\/figure>\n<!-- \/wp:image -->\t\t\t\t\t\t<\/div>\n\t\t\t\t<\/div>\n\t\t\t\t<\/div>\n\t\t\t\t<\/div>\n\t\t","protected":false},"excerpt":{"rendered":"<p>Liebe l\u00e4sst sich einpacken&#8230; f\u00fcr bed\u00fcrftige Kinder weltweit \u201eWeihnachten im Schuhkarton\u00ae\u201c ist die beliebteste Geschenkaktion weltweit. Unter dem Motto \u201eLiebe l\u00e4sst sich einpacken\u201c erleben Kinder in Not teilweise ihr erstes Geschenk \u00fcberhaupt. International ist die Aktion unter dem Namen \u201eOperation Christmas Child\u201c bekannt.&nbsp;Seit 1993 wurden weltweit bereits \u00fcber 220&nbsp;Millionen Kinder in \u00fcber 150 L\u00e4ndern erreicht. [&hellip;]<\/p>\n","protected":false},"author":1,"featured_media":0,"parent":0,"menu_order":0,"comment_status":"closed","ping_status":"closed","template":"","meta":{"footnotes":""},"class_list":["post-1489","page","type-page","status-publish","hentry"],"yoast_head":"<!-- This site is optimized with the Yoast SEO plugin v23.0 - https:\/\/yoast.com\/wordpress\/plugins\/seo\/ -->\n<title>Spendenaktion: Weihnachten im Schuhkarton - BaLo<\/title>\n<meta name=\"robots\" content=\"index, follow, max-snippet:-1, max-image-preview:large, max-video-preview:-1\" \/>\n<link rel=\"canonical\" href=\"https:\/\/balo.valo139.net\/index.php\/spendenaktion-weihnachten-im-schuhkarton\/\" \/>\n<meta property=\"og:locale\" content=\"de_DE\" \/>\n<meta property=\"og:type\" content=\"article\" \/>\n<meta property=\"og:title\" content=\"Spendenaktion: Weihnachten im Schuhkarton - BaLo\" \/>\n<meta property=\"og:description\" content=\"Liebe l\u00e4sst sich einpacken&#8230; f\u00fcr bed\u00fcrftige Kinder weltweit \u201eWeihnachten im Schuhkarton\u00ae\u201c ist die beliebteste Geschenkaktion weltweit. Unter dem Motto \u201eLiebe l\u00e4sst sich einpacken\u201c erleben Kinder in Not teilweise ihr erstes Geschenk \u00fcberhaupt. International ist die Aktion unter dem Namen \u201eOperation Christmas Child\u201c bekannt.&nbsp;Seit 1993 wurden weltweit bereits \u00fcber 220&nbsp;Millionen Kinder in \u00fcber 150 L\u00e4ndern erreicht. [&hellip;]\" \/>\n<meta property=\"og:url\" content=\"https:\/\/balo.valo139.net\/index.php\/spendenaktion-weihnachten-im-schuhkarton\/\" \/>\n<meta property=\"og:site_name\" content=\"BaLo\" \/>\n<meta property=\"article:modified_time\" content=\"2024-07-14T11:05:26+00:00\" \/>\n<meta property=\"og:image\" content=\"https:\/\/balo.valo139.net\/wp-content\/uploads\/2024\/07\/2233RO-H-740-1024x683.jpg\" \/>\n<meta name=\"twitter:card\" content=\"summary_large_image\" \/>\n<meta name=\"twitter:label1\" content=\"Gesch\u00e4tzte Lesezeit\" \/>\n\t<meta name=\"twitter:data1\" content=\"3\u00a0Minuten\" \/>\n<script type=\"application\/ld+json\" class=\"yoast-schema-graph\">{\"@context\":\"https:\/\/schema.org\",\"@graph\":[{\"@type\":\"WebPage\",\"@id\":\"https:\/\/balo.valo139.net\/index.php\/spendenaktion-weihnachten-im-schuhkarton\/\",\"url\":\"https:\/\/balo.valo139.net\/index.php\/spendenaktion-weihnachten-im-schuhkarton\/\",\"name\":\"Spendenaktion: Weihnachten im Schuhkarton - BaLo\",\"isPartOf\":{\"@id\":\"https:\/\/balo.valo139.net\/#website\"},\"primaryImageOfPage\":{\"@id\":\"https:\/\/balo.valo139.net\/index.php\/spendenaktion-weihnachten-im-schuhkarton\/#primaryimage\"},\"image\":{\"@id\":\"https:\/\/balo.valo139.net\/index.php\/spendenaktion-weihnachten-im-schuhkarton\/#primaryimage\"},\"thumbnailUrl\":\"https:\/\/balo.valo139.net\/wp-content\/uploads\/2024\/07\/2233RO-H-740-1024x683.jpg\",\"datePublished\":\"2024-07-12T18:06:23+00:00\",\"dateModified\":\"2024-07-14T11:05:26+00:00\",\"breadcrumb\":{\"@id\":\"https:\/\/balo.valo139.net\/index.php\/spendenaktion-weihnachten-im-schuhkarton\/#breadcrumb\"},\"inLanguage\":\"de-CH\",\"potentialAction\":[{\"@type\":\"ReadAction\",\"target\":[\"https:\/\/balo.valo139.net\/index.php\/spendenaktion-weihnachten-im-schuhkarton\/\"]}]},{\"@type\":\"ImageObject\",\"inLanguage\":\"de-CH\",\"@id\":\"https:\/\/balo.valo139.net\/index.php\/spendenaktion-weihnachten-im-schuhkarton\/#primaryimage\",\"url\":\"https:\/\/balo.valo139.net\/wp-content\/uploads\/2024\/07\/2233RO-H-740-scaled.jpg\",\"contentUrl\":\"https:\/\/balo.valo139.net\/wp-content\/uploads\/2024\/07\/2233RO-H-740-scaled.jpg\",\"width\":2560,\"height\":1707},{\"@type\":\"BreadcrumbList\",\"@id\":\"https:\/\/balo.valo139.net\/index.php\/spendenaktion-weihnachten-im-schuhkarton\/#breadcrumb\",\"itemListElement\":[{\"@type\":\"ListItem\",\"position\":1,\"name\":\"Startseite\",\"item\":\"https:\/\/balo.valo139.net\/\"},{\"@type\":\"ListItem\",\"position\":2,\"name\":\"Spendenaktion: Weihnachten im Schuhkarton\"}]},{\"@type\":\"WebSite\",\"@id\":\"https:\/\/balo.valo139.net\/#website\",\"url\":\"https:\/\/balo.valo139.net\/\",\"name\":\"BaLo\",\"description\":\"Velotour: Basel \u2013 London\",\"publisher\":{\"@id\":\"https:\/\/balo.valo139.net\/#organization\"},\"potentialAction\":[{\"@type\":\"SearchAction\",\"target\":{\"@type\":\"EntryPoint\",\"urlTemplate\":\"https:\/\/balo.valo139.net\/?s={search_term_string}\"},\"query-input\":\"required name=search_term_string\"}],\"inLanguage\":\"de-CH\"},{\"@type\":\"Organization\",\"@id\":\"https:\/\/balo.valo139.net\/#organization\",\"name\":\"BaLo\",\"url\":\"https:\/\/balo.valo139.net\/\",\"logo\":{\"@type\":\"ImageObject\",\"inLanguage\":\"de-CH\",\"@id\":\"https:\/\/balo.valo139.net\/#\/schema\/logo\/image\/\",\"url\":\"https:\/\/balo.valo139.net\/wp-content\/uploads\/2024\/06\/BaLo.svg\",\"contentUrl\":\"https:\/\/balo.valo139.net\/wp-content\/uploads\/2024\/06\/BaLo.svg\",\"width\":404,\"height\":394,\"caption\":\"BaLo\"},\"image\":{\"@id\":\"https:\/\/balo.valo139.net\/#\/schema\/logo\/image\/\"}}]}<\/script>\n<!-- \/ Yoast SEO plugin. -->","yoast_head_json":{"title":"Spendenaktion: Weihnachten im Schuhkarton - BaLo","robots":{"index":"index","follow":"follow","max-snippet":"max-snippet:-1","max-image-preview":"max-image-preview:large","max-video-preview":"max-video-preview:-1"},"canonical":"https:\/\/balo.valo139.net\/index.php\/spendenaktion-weihnachten-im-schuhkarton\/","og_locale":"de_DE","og_type":"article","og_title":"Spendenaktion: Weihnachten im Schuhkarton - BaLo","og_description":"Liebe l\u00e4sst sich einpacken&#8230; f\u00fcr bed\u00fcrftige Kinder weltweit \u201eWeihnachten im Schuhkarton\u00ae\u201c ist die beliebteste Geschenkaktion weltweit. Unter dem Motto \u201eLiebe l\u00e4sst sich einpacken\u201c erleben Kinder in Not teilweise ihr erstes Geschenk \u00fcberhaupt. International ist die Aktion unter dem Namen \u201eOperation Christmas Child\u201c bekannt.&nbsp;Seit 1993 wurden weltweit bereits \u00fcber 220&nbsp;Millionen Kinder in \u00fcber 150 L\u00e4ndern erreicht. [&hellip;]","og_url":"https:\/\/balo.valo139.net\/index.php\/spendenaktion-weihnachten-im-schuhkarton\/","og_site_name":"BaLo","article_modified_time":"2024-07-14T11:05:26+00:00","og_image":[{"url":"https:\/\/balo.valo139.net\/wp-content\/uploads\/2024\/07\/2233RO-H-740-1024x683.jpg"}],"twitter_card":"summary_large_image","twitter_misc":{"Gesch\u00e4tzte Lesezeit":"3\u00a0Minuten"},"schema":{"@context":"https:\/\/schema.org","@graph":[{"@type":"WebPage","@id":"https:\/\/balo.valo139.net\/index.php\/spendenaktion-weihnachten-im-schuhkarton\/","url":"https:\/\/balo.valo139.net\/index.php\/spendenaktion-weihnachten-im-schuhkarton\/","name":"Spendenaktion: Weihnachten im Schuhkarton - BaLo","isPartOf":{"@id":"https:\/\/balo.valo139.net\/#website"},"primaryImageOfPage":{"@id":"https:\/\/balo.valo139.net\/index.php\/spendenaktion-weihnachten-im-schuhkarton\/#primaryimage"},"image":{"@id":"https:\/\/balo.valo139.net\/index.php\/spendenaktion-weihnachten-im-schuhkarton\/#primaryimage"},"thumbnailUrl":"https:\/\/balo.valo139.net\/wp-content\/uploads\/2024\/07\/2233RO-H-740-1024x683.jpg","datePublished":"2024-07-12T18:06:23+00:00","dateModified":"2024-07-14T11:05:26+00:00","breadcrumb":{"@id":"https:\/\/balo.valo139.net\/index.php\/spendenaktion-weihnachten-im-schuhkarton\/#breadcrumb"},"inLanguage":"de-CH","potentialAction":[{"@type":"ReadAction","target":["https:\/\/balo.valo139.net\/index.php\/spendenaktion-weihnachten-im-schuhkarton\/"]}]},{"@type":"ImageObject","inLanguage":"de-CH","@id":"https:\/\/balo.valo139.net\/index.php\/spendenaktion-weihnachten-im-schuhkarton\/#primaryimage","url":"https:\/\/balo.valo139.net\/wp-content\/uploads\/2024\/07\/2233RO-H-740-scaled.jpg","contentUrl":"https:\/\/balo.valo139.net\/wp-content\/uploads\/2024\/07\/2233RO-H-740-scaled.jpg","width":2560,"height":1707},{"@type":"BreadcrumbList","@id":"https:\/\/balo.valo139.net\/index.php\/spendenaktion-weihnachten-im-schuhkarton\/#breadcrumb","itemListElement":[{"@type":"ListItem","position":1,"name":"Startseite","item":"https:\/\/balo.valo139.net\/"},{"@type":"ListItem","position":2,"name":"Spendenaktion: Weihnachten im Schuhkarton"}]},{"@type":"WebSite","@id":"https:\/\/balo.valo139.net\/#website","url":"https:\/\/balo.valo139.net\/","name":"BaLo","description":"Velotour: Basel \u2013 London","publisher":{"@id":"https:\/\/balo.valo139.net\/#organization"},"potentialAction":[{"@type":"SearchAction","target":{"@type":"EntryPoint","urlTemplate":"https:\/\/balo.valo139.net\/?s={search_term_string}"},"query-input":"required name=search_term_string"}],"inLanguage":"de-CH"},{"@type":"Organization","@id":"https:\/\/balo.valo139.net\/#organization","name":"BaLo","url":"https:\/\/balo.valo139.net\/","logo":{"@type":"ImageObject","inLanguage":"de-CH","@id":"https:\/\/balo.valo139.net\/#\/schema\/logo\/image\/","url":"https:\/\/balo.valo139.net\/wp-content\/uploads\/2024\/06\/BaLo.svg","contentUrl":"https:\/\/balo.valo139.net\/wp-content\/uploads\/2024\/06\/BaLo.svg","width":404,"height":394,"caption":"BaLo"},"image":{"@id":"https:\/\/balo.valo139.net\/#\/schema\/logo\/image\/"}}]}},"featured_media_urls":[],"_links":{"self":[{"href":"https:\/\/balo.valo139.net\/index.php\/wp-json\/wp\/v2\/pages\/1489","targetHints":{"allow":["GET"]}}],"collection":[{"href":"https:\/\/balo.valo139.net\/index.php\/wp-json\/wp\/v2\/pages"}],"about":[{"href":"https:\/\/balo.valo139.net\/index.php\/wp-json\/wp\/v2\/types\/page"}],"author":[{"embeddable":true,"href":"https:\/\/balo.valo139.net\/index.php\/wp-json\/wp\/v2\/users\/1"}],"replies":[{"embeddable":true,"href":"https:\/\/balo.valo139.net\/index.php\/wp-json\/wp\/v2\/comments?post=1489"}],"version-history":[{"count":11,"href":"https:\/\/balo.valo139.net\/index.php\/wp-json\/wp\/v2\/pages\/1489\/revisions"}],"predecessor-version":[{"id":1665,"href":"https:\/\/balo.valo139.net\/index.php\/wp-json\/wp\/v2\/pages\/1489\/revisions\/1665"}],"wp:attachment":[{"href":"https:\/\/balo.valo139.net\/index.php\/wp-json\/wp\/v2\/media?parent=1489"}],"curies":[{"name":"wp","href":"https:\/\/api.w.org\/{rel}","templated":true}]}}