{"id":337,"date":"2023-02-06T23:14:10","date_gmt":"2023-02-06T22:14:10","guid":{"rendered":"https:\/\/babu.valo139.net\/?page_id=337"},"modified":"2024-06-30T12:39:46","modified_gmt":"2024-06-30T10:39:46","slug":"etappe-2","status":"publish","type":"page","link":"https:\/\/balo.valo139.net\/index.php\/etappe-2\/","title":{"rendered":"Etappe 2"},"content":{"rendered":"\t\t<div data-elementor-type=\"wp-page\" data-elementor-id=\"337\" class=\"elementor elementor-337\">\n\t\t\t\t\t\t<section class=\"elementor-section elementor-top-section elementor-element elementor-element-e214475 elementor-reverse-mobile elementor-section-content-middle elementor-section-stretched elementor-section-boxed elementor-section-height-default elementor-section-height-default\" data-id=\"e214475\" data-element_type=\"section\" data-settings=\"{&quot;stretch_section&quot;:&quot;section-stretched&quot;}\">\n\t\t\t\t\t\t<div class=\"elementor-container elementor-column-gap-no\">\n\t\t\t\t\t<div class=\"elementor-column elementor-col-50 elementor-top-column elementor-element elementor-element-b94337a\" data-id=\"b94337a\" data-element_type=\"column\" data-settings=\"{&quot;background_background&quot;:&quot;classic&quot;}\">\n\t\t\t<div class=\"elementor-widget-wrap elementor-element-populated\">\n\t\t\t\t\t\t<div class=\"elementor-element elementor-element-06e1eeb elementor-widget elementor-widget-html\" data-id=\"06e1eeb\" data-element_type=\"widget\" data-widget_type=\"html.default\">\n\t\t\t\t<div class=\"elementor-widget-container\">\n\t\t\t<iframe src=\"https:\/\/www.komoot.com\/de-de\/tour\/1504238491\/embed?share_token=aiYCT1slJc46M1fVieylhz8gdLYNi0OT6QXjFL54kAU2lBXK40&profile=1\" width=\"100%\" height=\"700\" frameborder=\"0\" scrolling=\"no\"><\/iframe>\t\t<\/div>\n\t\t\t\t<\/div>\n\t\t\t\t\t<\/div>\n\t\t<\/div>\n\t\t\t\t<div class=\"elementor-column elementor-col-50 elementor-top-column elementor-element elementor-element-b3051df\" data-id=\"b3051df\" data-element_type=\"column\">\n\t\t\t<div class=\"elementor-widget-wrap elementor-element-populated\">\n\t\t\t\t\t\t<div class=\"elementor-element elementor-element-f0cda47 elementor-widget elementor-widget-heading\" data-id=\"f0cda47\" data-element_type=\"widget\" data-widget_type=\"heading.default\">\n\t\t\t\t<div class=\"elementor-widget-container\">\n\t\t\t<style>\/*! elementor - v3.23.0 - 05-08-2024 *\/\n.elementor-heading-title{padding:0;margin:0;line-height:1}.elementor-widget-heading .elementor-heading-title[class*=elementor-size-]>a{color:inherit;font-size:inherit;line-height:inherit}.elementor-widget-heading .elementor-heading-title.elementor-size-small{font-size:15px}.elementor-widget-heading .elementor-heading-title.elementor-size-medium{font-size:19px}.elementor-widget-heading .elementor-heading-title.elementor-size-large{font-size:29px}.elementor-widget-heading .elementor-heading-title.elementor-size-xl{font-size:39px}.elementor-widget-heading .elementor-heading-title.elementor-size-xxl{font-size:59px}<\/style><h1 class=\"elementor-heading-title elementor-size-default\">Etappe 2<\/h1>\t\t<\/div>\n\t\t\t\t<\/div>\n\t\t\t\t<div class=\"elementor-element elementor-element-9f7b09b elementor-widget__width-auto elementor-absolute elementor-widget-tablet__width-inherit elementor-hidden-mobile elementor-hidden-tablet elementor-view-default elementor-invisible elementor-widget elementor-widget-icon\" data-id=\"9f7b09b\" data-element_type=\"widget\" data-settings=\"{&quot;_position&quot;:&quot;absolute&quot;,&quot;_animation&quot;:&quot;swing&quot;,&quot;_animation_delay&quot;:&quot;800&quot;}\" data-widget_type=\"icon.default\">\n\t\t\t\t<div class=\"elementor-widget-container\">\n\t\t\t\t\t<div class=\"elementor-icon-wrapper\">\n\t\t\t<div class=\"elementor-icon\">\n\t\t\t\t\t\t<\/div>\n\t\t<\/div>\n\t\t\t\t<\/div>\n\t\t\t\t<\/div>\n\t\t\t\t<div class=\"elementor-element elementor-element-a349639 elementor-widget elementor-widget-heading\" data-id=\"a349639\" data-element_type=\"widget\" data-widget_type=\"heading.default\">\n\t\t\t\t<div class=\"elementor-widget-container\">\n\t\t\t<p class=\"elementor-heading-title elementor-size-default\">Bei dieser zweiten Etappe gehen wir vom altbekannten Weg ab. Als Erstes fahren wir durch Strassburg und seine Vororte. Danach geht es wieder gerade dem Canal de la Marne au Rhin entlang bis zum Fuss der Vogesen. Die Vogesen \u00fcberqueren wir anschliessend durch dichte Tannenw\u00e4lder und Naturschutzgebiete. Bis fast zur deutschen Grenze folgen wir in den Niederungen der Saar und diversen Kan\u00e4len. Diese zweite Nacht verbringen wir nahe Saarbr\u00fccken auf dem Camping Am Spicherer Berg.<\/p>\t\t<\/div>\n\t\t\t\t<\/div>\n\t\t\t\t\t<\/div>\n\t\t<\/div>\n\t\t\t\t\t<\/div>\n\t\t<\/section>\n\t\t\t\t<section class=\"elementor-section elementor-top-section elementor-element elementor-element-02d7b47 elementor-section-boxed elementor-section-height-default elementor-section-height-default\" data-id=\"02d7b47\" data-element_type=\"section\">\n\t\t\t\t\t\t<div class=\"elementor-container elementor-column-gap-default\">\n\t\t\t\t\t<div class=\"elementor-column elementor-col-100 elementor-top-column elementor-element elementor-element-e818c29\" data-id=\"e818c29\" data-element_type=\"column\">\n\t\t\t<div class=\"elementor-widget-wrap elementor-element-populated\">\n\t\t\t\t\t\t<div class=\"elementor-element elementor-element-a73f3a6 elementor-widget elementor-widget-heading\" data-id=\"a73f3a6\" data-element_type=\"widget\" data-widget_type=\"heading.default\">\n\t\t\t\t<div class=\"elementor-widget-container\">\n\t\t\t<h2 class=\"elementor-heading-title elementor-size-default\">Bildergalerie<\/h2>\t\t<\/div>\n\t\t\t\t<\/div>\n\t\t\t\t\t<\/div>\n\t\t<\/div>\n\t\t\t\t\t<\/div>\n\t\t<\/section>\n\t\t\t\t<section class=\"elementor-section elementor-top-section elementor-element elementor-element-538a093 elementor-section-boxed elementor-section-height-default elementor-section-height-default\" data-id=\"538a093\" data-element_type=\"section\">\n\t\t\t\t\t\t<div class=\"elementor-container elementor-column-gap-default\">\n\t\t\t\t\t<div class=\"elementor-column elementor-col-50 elementor-top-column elementor-element elementor-element-8fd3968\" data-id=\"8fd3968\" data-element_type=\"column\">\n\t\t\t<div class=\"elementor-widget-wrap elementor-element-populated\">\n\t\t\t\t\t\t<div class=\"elementor-element elementor-element-fa1f704 elementor-align-left elementor-widget elementor-widget-button\" data-id=\"fa1f704\" data-element_type=\"widget\" data-widget_type=\"button.default\">\n\t\t\t\t<div class=\"elementor-widget-container\">\n\t\t\t\t\t<div class=\"elementor-button-wrapper\">\n\t\t\t<a class=\"elementor-button elementor-button-link elementor-size-md\" href=\"https:\/\/balo.valo139.net\/index.php\/etappe-1\/\">\n\t\t\t\t\t\t<span class=\"elementor-button-content-wrapper\">\n\t\t\t\t\t\t<span class=\"elementor-button-icon\">\n\t\t\t\t<svg aria-hidden=\"true\" class=\"e-font-icon-svg e-fas-arrow-left\" viewBox=\"0 0 448 512\" xmlns=\"http:\/\/www.w3.org\/2000\/svg\"><path d=\"M257.5 445.1l-22.2 22.2c-9.4 9.4-24.6 9.4-33.9 0L7 273c-9.4-9.4-9.4-24.6 0-33.9L201.4 44.7c9.4-9.4 24.6-9.4 33.9 0l22.2 22.2c9.5 9.5 9.3 25-.4 34.3L136.6 216H424c13.3 0 24 10.7 24 24v32c0 13.3-10.7 24-24 24H136.6l120.5 114.8c9.8 9.3 10 24.8.4 34.3z\"><\/path><\/svg>\t\t\t<\/span>\n\t\t\t\t\t\t\t\t\t<span class=\"elementor-button-text\">Zur\u00fcck<\/span>\n\t\t\t\t\t<\/span>\n\t\t\t\t\t<\/a>\n\t\t<\/div>\n\t\t\t\t<\/div>\n\t\t\t\t<\/div>\n\t\t\t\t\t<\/div>\n\t\t<\/div>\n\t\t\t\t<div class=\"elementor-column elementor-col-50 elementor-top-column elementor-element elementor-element-5be34a5\" data-id=\"5be34a5\" data-element_type=\"column\">\n\t\t\t<div class=\"elementor-widget-wrap elementor-element-populated\">\n\t\t\t\t\t\t<div class=\"elementor-element elementor-element-a385ea0 elementor-align-right elementor-widget elementor-widget-button\" data-id=\"a385ea0\" data-element_type=\"widget\" data-widget_type=\"button.default\">\n\t\t\t\t<div class=\"elementor-widget-container\">\n\t\t\t\t\t<div class=\"elementor-button-wrapper\">\n\t\t\t<a class=\"elementor-button elementor-button-link elementor-size-md\" href=\"https:\/\/balo.valo139.net\/index.php\/etappe-3\/\">\n\t\t\t\t\t\t<span class=\"elementor-button-content-wrapper\">\n\t\t\t\t\t\t<span class=\"elementor-button-icon\">\n\t\t\t\t<svg aria-hidden=\"true\" class=\"e-font-icon-svg e-fas-arrow-right\" viewBox=\"0 0 448 512\" xmlns=\"http:\/\/www.w3.org\/2000\/svg\"><path d=\"M190.5 66.9l22.2-22.2c9.4-9.4 24.6-9.4 33.9 0L441 239c9.4 9.4 9.4 24.6 0 33.9L246.6 467.3c-9.4 9.4-24.6 9.4-33.9 0l-22.2-22.2c-9.5-9.5-9.3-25 .4-34.3L311.4 296H24c-13.3 0-24-10.7-24-24v-32c0-13.3 10.7-24 24-24h287.4L190.9 101.2c-9.8-9.3-10-24.8-.4-34.3z\"><\/path><\/svg>\t\t\t<\/span>\n\t\t\t\t\t\t\t\t\t<span class=\"elementor-button-text\">Weiter<\/span>\n\t\t\t\t\t<\/span>\n\t\t\t\t\t<\/a>\n\t\t<\/div>\n\t\t\t\t<\/div>\n\t\t\t\t<\/div>\n\t\t\t\t\t<\/div>\n\t\t<\/div>\n\t\t\t\t\t<\/div>\n\t\t<\/section>\n\t\t\t\t<section class=\"elementor-section elementor-top-section elementor-element elementor-element-ac098f0 elementor-section-boxed elementor-section-height-default elementor-section-height-default\" data-id=\"ac098f0\" data-element_type=\"section\">\n\t\t\t\t\t\t<div class=\"elementor-container elementor-column-gap-default\">\n\t\t\t\t\t<div class=\"elementor-column elementor-col-100 elementor-top-column elementor-element elementor-element-5373e67\" data-id=\"5373e67\" data-element_type=\"column\">\n\t\t\t<div class=\"elementor-widget-wrap elementor-element-populated\">\n\t\t\t\t\t\t<div class=\"elementor-element elementor-element-64a8cdf elementor-widget__width-auto elementor-absolute elementor-widget-tablet__width-inherit elementor-hidden-mobile elementor-hidden-tablet elementor-view-default elementor-invisible elementor-widget elementor-widget-icon\" data-id=\"64a8cdf\" data-element_type=\"widget\" data-settings=\"{&quot;_position&quot;:&quot;absolute&quot;,&quot;_animation&quot;:&quot;swing&quot;,&quot;_animation_delay&quot;:&quot;800&quot;}\" data-widget_type=\"icon.default\">\n\t\t\t\t<div class=\"elementor-widget-container\">\n\t\t\t\t\t<div class=\"elementor-icon-wrapper\">\n\t\t\t<div class=\"elementor-icon\">\n\t\t\t\t\t\t<\/div>\n\t\t<\/div>\n\t\t\t\t<\/div>\n\t\t\t\t<\/div>\n\t\t\t\t\t<\/div>\n\t\t<\/div>\n\t\t\t\t\t<\/div>\n\t\t<\/section>\n\t\t\t\t<\/div>\n\t\t","protected":false},"excerpt":{"rendered":"<p>Etappe 2 Bei dieser zweiten Etappe gehen wir vom altbekannten Weg ab. Als Erstes fahren wir durch Strassburg und seine Vororte. Danach geht es wieder gerade dem Canal de la Marne au Rhin entlang bis zum Fuss der Vogesen. Die Vogesen \u00fcberqueren wir anschliessend durch dichte Tannenw\u00e4lder und Naturschutzgebiete. Bis fast zur deutschen Grenze folgen [&hellip;]<\/p>\n","protected":false},"author":1,"featured_media":0,"parent":0,"menu_order":0,"comment_status":"closed","ping_status":"closed","template":"","meta":{"footnotes":""},"class_list":["post-337","page","type-page","status-publish","hentry"],"yoast_head":"<!-- This site is optimized with the Yoast SEO plugin v23.0 - https:\/\/yoast.com\/wordpress\/plugins\/seo\/ -->\n<title>Etappe 2 - BaLo<\/title>\n<meta name=\"robots\" content=\"index, follow, max-snippet:-1, max-image-preview:large, max-video-preview:-1\" \/>\n<link rel=\"canonical\" href=\"https:\/\/balo.valo139.net\/index.php\/etappe-2\/\" \/>\n<meta property=\"og:locale\" content=\"de_DE\" \/>\n<meta property=\"og:type\" content=\"article\" \/>\n<meta property=\"og:title\" content=\"Etappe 2 - BaLo\" \/>\n<meta property=\"og:description\" content=\"Etappe 2 Bei dieser zweiten Etappe gehen wir vom altbekannten Weg ab. Als Erstes fahren wir durch Strassburg und seine Vororte. Danach geht es wieder gerade dem Canal de la Marne au Rhin entlang bis zum Fuss der Vogesen. Die Vogesen \u00fcberqueren wir anschliessend durch dichte Tannenw\u00e4lder und Naturschutzgebiete. Bis fast zur deutschen Grenze folgen [&hellip;]\" \/>\n<meta property=\"og:url\" content=\"https:\/\/balo.valo139.net\/index.php\/etappe-2\/\" \/>\n<meta property=\"og:site_name\" content=\"BaLo\" \/>\n<meta property=\"article:modified_time\" content=\"2024-06-30T10:39:46+00:00\" \/>\n<meta name=\"twitter:card\" content=\"summary_large_image\" \/>\n<meta name=\"twitter:label1\" content=\"Gesch\u00e4tzte Lesezeit\" \/>\n\t<meta name=\"twitter:data1\" content=\"4\u00a0Minuten\" \/>\n<script type=\"application\/ld+json\" class=\"yoast-schema-graph\">{\"@context\":\"https:\/\/schema.org\",\"@graph\":[{\"@type\":\"WebPage\",\"@id\":\"https:\/\/balo.valo139.net\/index.php\/etappe-2\/\",\"url\":\"https:\/\/balo.valo139.net\/index.php\/etappe-2\/\",\"name\":\"Etappe 2 - BaLo\",\"isPartOf\":{\"@id\":\"https:\/\/balo.valo139.net\/#website\"},\"datePublished\":\"2023-02-06T22:14:10+00:00\",\"dateModified\":\"2024-06-30T10:39:46+00:00\",\"breadcrumb\":{\"@id\":\"https:\/\/balo.valo139.net\/index.php\/etappe-2\/#breadcrumb\"},\"inLanguage\":\"de-CH\",\"potentialAction\":[{\"@type\":\"ReadAction\",\"target\":[\"https:\/\/balo.valo139.net\/index.php\/etappe-2\/\"]}]},{\"@type\":\"BreadcrumbList\",\"@id\":\"https:\/\/balo.valo139.net\/index.php\/etappe-2\/#breadcrumb\",\"itemListElement\":[{\"@type\":\"ListItem\",\"position\":1,\"name\":\"Startseite\",\"item\":\"https:\/\/balo.valo139.net\/\"},{\"@type\":\"ListItem\",\"position\":2,\"name\":\"Etappe 2\"}]},{\"@type\":\"WebSite\",\"@id\":\"https:\/\/balo.valo139.net\/#website\",\"url\":\"https:\/\/balo.valo139.net\/\",\"name\":\"BaLo\",\"description\":\"Velotour: Basel \u2013 London\",\"publisher\":{\"@id\":\"https:\/\/balo.valo139.net\/#organization\"},\"potentialAction\":[{\"@type\":\"SearchAction\",\"target\":{\"@type\":\"EntryPoint\",\"urlTemplate\":\"https:\/\/balo.valo139.net\/?s={search_term_string}\"},\"query-input\":\"required name=search_term_string\"}],\"inLanguage\":\"de-CH\"},{\"@type\":\"Organization\",\"@id\":\"https:\/\/balo.valo139.net\/#organization\",\"name\":\"BaLo\",\"url\":\"https:\/\/balo.valo139.net\/\",\"logo\":{\"@type\":\"ImageObject\",\"inLanguage\":\"de-CH\",\"@id\":\"https:\/\/balo.valo139.net\/#\/schema\/logo\/image\/\",\"url\":\"https:\/\/balo.valo139.net\/wp-content\/uploads\/2024\/06\/BaLo.svg\",\"contentUrl\":\"https:\/\/balo.valo139.net\/wp-content\/uploads\/2024\/06\/BaLo.svg\",\"width\":404,\"height\":394,\"caption\":\"BaLo\"},\"image\":{\"@id\":\"https:\/\/balo.valo139.net\/#\/schema\/logo\/image\/\"}}]}<\/script>\n<!-- \/ Yoast SEO plugin. -->","yoast_head_json":{"title":"Etappe 2 - BaLo","robots":{"index":"index","follow":"follow","max-snippet":"max-snippet:-1","max-image-preview":"max-image-preview:large","max-video-preview":"max-video-preview:-1"},"canonical":"https:\/\/balo.valo139.net\/index.php\/etappe-2\/","og_locale":"de_DE","og_type":"article","og_title":"Etappe 2 - BaLo","og_description":"Etappe 2 Bei dieser zweiten Etappe gehen wir vom altbekannten Weg ab. Als Erstes fahren wir durch Strassburg und seine Vororte. Danach geht es wieder gerade dem Canal de la Marne au Rhin entlang bis zum Fuss der Vogesen. Die Vogesen \u00fcberqueren wir anschliessend durch dichte Tannenw\u00e4lder und Naturschutzgebiete. Bis fast zur deutschen Grenze folgen [&hellip;]","og_url":"https:\/\/balo.valo139.net\/index.php\/etappe-2\/","og_site_name":"BaLo","article_modified_time":"2024-06-30T10:39:46+00:00","twitter_card":"summary_large_image","twitter_misc":{"Gesch\u00e4tzte Lesezeit":"4\u00a0Minuten"},"schema":{"@context":"https:\/\/schema.org","@graph":[{"@type":"WebPage","@id":"https:\/\/balo.valo139.net\/index.php\/etappe-2\/","url":"https:\/\/balo.valo139.net\/index.php\/etappe-2\/","name":"Etappe 2 - BaLo","isPartOf":{"@id":"https:\/\/balo.valo139.net\/#website"},"datePublished":"2023-02-06T22:14:10+00:00","dateModified":"2024-06-30T10:39:46+00:00","breadcrumb":{"@id":"https:\/\/balo.valo139.net\/index.php\/etappe-2\/#breadcrumb"},"inLanguage":"de-CH","potentialAction":[{"@type":"ReadAction","target":["https:\/\/balo.valo139.net\/index.php\/etappe-2\/"]}]},{"@type":"BreadcrumbList","@id":"https:\/\/balo.valo139.net\/index.php\/etappe-2\/#breadcrumb","itemListElement":[{"@type":"ListItem","position":1,"name":"Startseite","item":"https:\/\/balo.valo139.net\/"},{"@type":"ListItem","position":2,"name":"Etappe 2"}]},{"@type":"WebSite","@id":"https:\/\/balo.valo139.net\/#website","url":"https:\/\/balo.valo139.net\/","name":"BaLo","description":"Velotour: Basel \u2013 London","publisher":{"@id":"https:\/\/balo.valo139.net\/#organization"},"potentialAction":[{"@type":"SearchAction","target":{"@type":"EntryPoint","urlTemplate":"https:\/\/balo.valo139.net\/?s={search_term_string}"},"query-input":"required name=search_term_string"}],"inLanguage":"de-CH"},{"@type":"Organization","@id":"https:\/\/balo.valo139.net\/#organization","name":"BaLo","url":"https:\/\/balo.valo139.net\/","logo":{"@type":"ImageObject","inLanguage":"de-CH","@id":"https:\/\/balo.valo139.net\/#\/schema\/logo\/image\/","url":"https:\/\/balo.valo139.net\/wp-content\/uploads\/2024\/06\/BaLo.svg","contentUrl":"https:\/\/balo.valo139.net\/wp-content\/uploads\/2024\/06\/BaLo.svg","width":404,"height":394,"caption":"BaLo"},"image":{"@id":"https:\/\/balo.valo139.net\/#\/schema\/logo\/image\/"}}]}},"featured_media_urls":[],"_links":{"self":[{"href":"https:\/\/balo.valo139.net\/index.php\/wp-json\/wp\/v2\/pages\/337","targetHints":{"allow":["GET"]}}],"collection":[{"href":"https:\/\/balo.valo139.net\/index.php\/wp-json\/wp\/v2\/pages"}],"about":[{"href":"https:\/\/balo.valo139.net\/index.php\/wp-json\/wp\/v2\/types\/page"}],"author":[{"embeddable":true,"href":"https:\/\/balo.valo139.net\/index.php\/wp-json\/wp\/v2\/users\/1"}],"replies":[{"embeddable":true,"href":"https:\/\/balo.valo139.net\/index.php\/wp-json\/wp\/v2\/comments?post=337"}],"version-history":[{"count":15,"href":"https:\/\/balo.valo139.net\/index.php\/wp-json\/wp\/v2\/pages\/337\/revisions"}],"predecessor-version":[{"id":1515,"href":"https:\/\/balo.valo139.net\/index.php\/wp-json\/wp\/v2\/pages\/337\/revisions\/1515"}],"wp:attachment":[{"href":"https:\/\/balo.valo139.net\/index.php\/wp-json\/wp\/v2\/media?parent=337"}],"curies":[{"name":"wp","href":"https:\/\/api.w.org\/{rel}","templated":true}]}}