{"id":368,"date":"2023-02-06T23:24:35","date_gmt":"2023-02-06T22:24:35","guid":{"rendered":"https:\/\/babu.valo139.net\/?page_id=368"},"modified":"2024-07-02T05:52:36","modified_gmt":"2024-07-02T03:52:36","slug":"etappe-7","status":"publish","type":"page","link":"https:\/\/balo.valo139.net\/index.php\/etappe-7\/","title":{"rendered":"Etappe 7"},"content":{"rendered":"\t\t<div data-elementor-type=\"wp-page\" data-elementor-id=\"368\" class=\"elementor elementor-368\">\n\t\t\t\t\t\t<section class=\"elementor-section elementor-top-section elementor-element elementor-element-4093a485 elementor-reverse-mobile elementor-section-content-middle elementor-section-stretched elementor-reverse-tablet elementor-section-boxed elementor-section-height-default elementor-section-height-default\" data-id=\"4093a485\" data-element_type=\"section\" data-settings=\"{&quot;stretch_section&quot;:&quot;section-stretched&quot;}\">\n\t\t\t\t\t\t<div class=\"elementor-container elementor-column-gap-no\">\n\t\t\t\t\t<div class=\"elementor-column elementor-col-50 elementor-top-column elementor-element elementor-element-820bd2e\" data-id=\"820bd2e\" data-element_type=\"column\" data-settings=\"{&quot;background_background&quot;:&quot;classic&quot;}\">\n\t\t\t<div class=\"elementor-widget-wrap elementor-element-populated\">\n\t\t\t\t\t\t<div class=\"elementor-element elementor-element-74e3f45 elementor-widget elementor-widget-html\" data-id=\"74e3f45\" data-element_type=\"widget\" data-widget_type=\"html.default\">\n\t\t\t\t<div class=\"elementor-widget-container\">\n\t\t\t<iframe src=\"https:\/\/www.komoot.com\/de-de\/tour\/1504253431\/embed?share_token=apxdhMNAUMMQtPbiR0wWE64v7nVBWnQt3Z5uAvUFk3yNZDUwLu&profile=1\" width=\"100%\" height=\"700\" frameborder=\"0\" scrolling=\"no\"><\/iframe>\t\t<\/div>\n\t\t\t\t<\/div>\n\t\t\t\t\t<\/div>\n\t\t<\/div>\n\t\t\t\t<div class=\"elementor-column elementor-col-50 elementor-top-column elementor-element elementor-element-41e8cbab\" data-id=\"41e8cbab\" data-element_type=\"column\">\n\t\t\t<div class=\"elementor-widget-wrap elementor-element-populated\">\n\t\t\t\t\t\t<div class=\"elementor-element elementor-element-4e2fc19e elementor-widget elementor-widget-heading\" data-id=\"4e2fc19e\" data-element_type=\"widget\" data-widget_type=\"heading.default\">\n\t\t\t\t<div class=\"elementor-widget-container\">\n\t\t\t<style>\/*! elementor - v3.23.0 - 05-08-2024 *\/\n.elementor-heading-title{padding:0;margin:0;line-height:1}.elementor-widget-heading .elementor-heading-title[class*=elementor-size-]>a{color:inherit;font-size:inherit;line-height:inherit}.elementor-widget-heading .elementor-heading-title.elementor-size-small{font-size:15px}.elementor-widget-heading .elementor-heading-title.elementor-size-medium{font-size:19px}.elementor-widget-heading .elementor-heading-title.elementor-size-large{font-size:29px}.elementor-widget-heading .elementor-heading-title.elementor-size-xl{font-size:39px}.elementor-widget-heading .elementor-heading-title.elementor-size-xxl{font-size:59px}<\/style><h1 class=\"elementor-heading-title elementor-size-default\">Etappe 7<\/h1>\t\t<\/div>\n\t\t\t\t<\/div>\n\t\t\t\t<div class=\"elementor-element elementor-element-748926ed elementor-widget__width-auto elementor-absolute elementor-widget-tablet__width-inherit elementor-hidden-mobile elementor-hidden-tablet elementor-view-default elementor-invisible elementor-widget elementor-widget-icon\" data-id=\"748926ed\" data-element_type=\"widget\" data-settings=\"{&quot;_position&quot;:&quot;absolute&quot;,&quot;_animation&quot;:&quot;swing&quot;,&quot;_animation_delay&quot;:&quot;800&quot;}\" data-widget_type=\"icon.default\">\n\t\t\t\t<div class=\"elementor-widget-container\">\n\t\t\t\t\t<div class=\"elementor-icon-wrapper\">\n\t\t\t<div class=\"elementor-icon\">\n\t\t\t\t\t\t<\/div>\n\t\t<\/div>\n\t\t\t\t<\/div>\n\t\t\t\t<\/div>\n\t\t\t\t<div class=\"elementor-element elementor-element-7fef85d1 elementor-widget elementor-widget-heading\" data-id=\"7fef85d1\" data-element_type=\"widget\" data-widget_type=\"heading.default\">\n\t\t\t\t<div class=\"elementor-widget-container\">\n\t\t\t<p class=\"elementor-heading-title elementor-size-default\">Etappe 7 wird wieder so flach wie diejenige von BaBu. HIngegen zum Vortag sollte es jedoch um einiges spannender werden. Als Erstes passieren wir die Innenstadt von Kortrijk, anschliessend die ber\u00fchmte Stadt Ypern (wichtige Schlacht(en) im Ersten Weltkrieg) und schlussendlich noch Abschnitte der n\u00f6rdlichen Kanalk\u00fcste wie z.B. die Stadt D\u00fcnkirchen.<\/p>\t\t<\/div>\n\t\t\t\t<\/div>\n\t\t\t\t\t<\/div>\n\t\t<\/div>\n\t\t\t\t\t<\/div>\n\t\t<\/section>\n\t\t\t\t<section class=\"elementor-section elementor-top-section elementor-element elementor-element-386f6ae8 elementor-section-boxed elementor-section-height-default elementor-section-height-default\" data-id=\"386f6ae8\" data-element_type=\"section\">\n\t\t\t\t\t\t<div class=\"elementor-container elementor-column-gap-default\">\n\t\t\t\t\t<div class=\"elementor-column elementor-col-100 elementor-top-column elementor-element elementor-element-23834fd9\" data-id=\"23834fd9\" data-element_type=\"column\">\n\t\t\t<div class=\"elementor-widget-wrap elementor-element-populated\">\n\t\t\t\t\t\t<div class=\"elementor-element elementor-element-41e5fd09 elementor-widget elementor-widget-heading\" data-id=\"41e5fd09\" data-element_type=\"widget\" data-widget_type=\"heading.default\">\n\t\t\t\t<div class=\"elementor-widget-container\">\n\t\t\t<h2 class=\"elementor-heading-title elementor-size-default\">Bildergalerie<\/h2>\t\t<\/div>\n\t\t\t\t<\/div>\n\t\t\t\t<div class=\"elementor-element elementor-element-5ab6e6b4 elementor-widget__width-auto elementor-absolute elementor-widget-tablet__width-inherit elementor-hidden-mobile elementor-hidden-tablet elementor-view-default elementor-invisible elementor-widget elementor-widget-icon\" data-id=\"5ab6e6b4\" data-element_type=\"widget\" data-settings=\"{&quot;_position&quot;:&quot;absolute&quot;,&quot;_animation&quot;:&quot;swing&quot;,&quot;_animation_delay&quot;:&quot;800&quot;}\" data-widget_type=\"icon.default\">\n\t\t\t\t<div class=\"elementor-widget-container\">\n\t\t\t\t\t<div class=\"elementor-icon-wrapper\">\n\t\t\t<div class=\"elementor-icon\">\n\t\t\t\t\t\t<\/div>\n\t\t<\/div>\n\t\t\t\t<\/div>\n\t\t\t\t<\/div>\n\t\t\t\t\t<\/div>\n\t\t<\/div>\n\t\t\t\t\t<\/div>\n\t\t<\/section>\n\t\t\t\t<section class=\"elementor-section elementor-top-section elementor-element elementor-element-857cc28 elementor-section-boxed elementor-section-height-default elementor-section-height-default\" data-id=\"857cc28\" data-element_type=\"section\">\n\t\t\t\t\t\t<div class=\"elementor-container elementor-column-gap-default\">\n\t\t\t\t\t<div class=\"elementor-column elementor-col-50 elementor-top-column elementor-element elementor-element-fc62586\" data-id=\"fc62586\" data-element_type=\"column\">\n\t\t\t<div class=\"elementor-widget-wrap elementor-element-populated\">\n\t\t\t\t\t\t<div class=\"elementor-element elementor-element-da2d854 elementor-align-left elementor-widget elementor-widget-button\" data-id=\"da2d854\" data-element_type=\"widget\" data-widget_type=\"button.default\">\n\t\t\t\t<div class=\"elementor-widget-container\">\n\t\t\t\t\t<div class=\"elementor-button-wrapper\">\n\t\t\t<a class=\"elementor-button elementor-button-link elementor-size-md\" href=\"https:\/\/balo.valo139.net\/index.php\/etappe-6\/\">\n\t\t\t\t\t\t<span class=\"elementor-button-content-wrapper\">\n\t\t\t\t\t\t<span class=\"elementor-button-icon\">\n\t\t\t\t<svg aria-hidden=\"true\" class=\"e-font-icon-svg e-fas-arrow-left\" viewBox=\"0 0 448 512\" xmlns=\"http:\/\/www.w3.org\/2000\/svg\"><path d=\"M257.5 445.1l-22.2 22.2c-9.4 9.4-24.6 9.4-33.9 0L7 273c-9.4-9.4-9.4-24.6 0-33.9L201.4 44.7c9.4-9.4 24.6-9.4 33.9 0l22.2 22.2c9.5 9.5 9.3 25-.4 34.3L136.6 216H424c13.3 0 24 10.7 24 24v32c0 13.3-10.7 24-24 24H136.6l120.5 114.8c9.8 9.3 10 24.8.4 34.3z\"><\/path><\/svg>\t\t\t<\/span>\n\t\t\t\t\t\t\t\t\t<span class=\"elementor-button-text\">Zur\u00fcck<\/span>\n\t\t\t\t\t<\/span>\n\t\t\t\t\t<\/a>\n\t\t<\/div>\n\t\t\t\t<\/div>\n\t\t\t\t<\/div>\n\t\t\t\t\t<\/div>\n\t\t<\/div>\n\t\t\t\t<div class=\"elementor-column elementor-col-50 elementor-top-column elementor-element elementor-element-dfc80c4\" data-id=\"dfc80c4\" data-element_type=\"column\">\n\t\t\t<div class=\"elementor-widget-wrap elementor-element-populated\">\n\t\t\t\t\t\t<div class=\"elementor-element elementor-element-f68b977 elementor-align-right elementor-widget elementor-widget-button\" data-id=\"f68b977\" data-element_type=\"widget\" data-widget_type=\"button.default\">\n\t\t\t\t<div class=\"elementor-widget-container\">\n\t\t\t\t\t<div class=\"elementor-button-wrapper\">\n\t\t\t<a class=\"elementor-button elementor-button-link elementor-size-md\" href=\"https:\/\/balo.valo139.net\/index.php\/aufenthalt-in-grand-fort-philippe\/\">\n\t\t\t\t\t\t<span class=\"elementor-button-content-wrapper\">\n\t\t\t\t\t\t<span class=\"elementor-button-icon\">\n\t\t\t\t<svg aria-hidden=\"true\" class=\"e-font-icon-svg e-fas-arrow-right\" viewBox=\"0 0 448 512\" xmlns=\"http:\/\/www.w3.org\/2000\/svg\"><path d=\"M190.5 66.9l22.2-22.2c9.4-9.4 24.6-9.4 33.9 0L441 239c9.4 9.4 9.4 24.6 0 33.9L246.6 467.3c-9.4 9.4-24.6 9.4-33.9 0l-22.2-22.2c-9.5-9.5-9.3-25 .4-34.3L311.4 296H24c-13.3 0-24-10.7-24-24v-32c0-13.3 10.7-24 24-24h287.4L190.9 101.2c-9.8-9.3-10-24.8-.4-34.3z\"><\/path><\/svg>\t\t\t<\/span>\n\t\t\t\t\t\t\t\t\t<span class=\"elementor-button-text\">Weiter<\/span>\n\t\t\t\t\t<\/span>\n\t\t\t\t\t<\/a>\n\t\t<\/div>\n\t\t\t\t<\/div>\n\t\t\t\t<\/div>\n\t\t\t\t\t<\/div>\n\t\t<\/div>\n\t\t\t\t\t<\/div>\n\t\t<\/section>\n\t\t\t\t<\/div>\n\t\t","protected":false},"excerpt":{"rendered":"<p>Etappe 7 Etappe 7 wird wieder so flach wie diejenige von BaBu. HIngegen zum Vortag sollte es jedoch um einiges spannender werden. Als Erstes passieren wir die Innenstadt von Kortrijk, anschliessend die ber\u00fchmte Stadt Ypern (wichtige Schlacht(en) im Ersten Weltkrieg) und schlussendlich noch Abschnitte der n\u00f6rdlichen Kanalk\u00fcste wie z.B. die Stadt D\u00fcnkirchen. Bildergalerie Zur\u00fcck Weiter<\/p>\n","protected":false},"author":1,"featured_media":0,"parent":0,"menu_order":0,"comment_status":"closed","ping_status":"closed","template":"","meta":{"footnotes":""},"class_list":["post-368","page","type-page","status-publish","hentry"],"yoast_head":"<!-- This site is optimized with the Yoast SEO plugin v23.0 - https:\/\/yoast.com\/wordpress\/plugins\/seo\/ -->\n<title>Etappe 7 - BaLo<\/title>\n<meta name=\"robots\" content=\"index, follow, max-snippet:-1, max-image-preview:large, max-video-preview:-1\" \/>\n<link rel=\"canonical\" href=\"https:\/\/balo.valo139.net\/index.php\/etappe-7\/\" \/>\n<meta property=\"og:locale\" content=\"de_DE\" \/>\n<meta property=\"og:type\" content=\"article\" \/>\n<meta property=\"og:title\" content=\"Etappe 7 - BaLo\" \/>\n<meta property=\"og:description\" content=\"Etappe 7 Etappe 7 wird wieder so flach wie diejenige von BaBu. HIngegen zum Vortag sollte es jedoch um einiges spannender werden. Als Erstes passieren wir die Innenstadt von Kortrijk, anschliessend die ber\u00fchmte Stadt Ypern (wichtige Schlacht(en) im Ersten Weltkrieg) und schlussendlich noch Abschnitte der n\u00f6rdlichen Kanalk\u00fcste wie z.B. die Stadt D\u00fcnkirchen. Bildergalerie Zur\u00fcck Weiter\" \/>\n<meta property=\"og:url\" content=\"https:\/\/balo.valo139.net\/index.php\/etappe-7\/\" \/>\n<meta property=\"og:site_name\" content=\"BaLo\" \/>\n<meta property=\"article:modified_time\" content=\"2024-07-02T03:52:36+00:00\" \/>\n<meta name=\"twitter:card\" content=\"summary_large_image\" \/>\n<meta name=\"twitter:label1\" content=\"Gesch\u00e4tzte Lesezeit\" \/>\n\t<meta name=\"twitter:data1\" content=\"1\u00a0Minute\" \/>\n<script type=\"application\/ld+json\" class=\"yoast-schema-graph\">{\"@context\":\"https:\/\/schema.org\",\"@graph\":[{\"@type\":\"WebPage\",\"@id\":\"https:\/\/balo.valo139.net\/index.php\/etappe-7\/\",\"url\":\"https:\/\/balo.valo139.net\/index.php\/etappe-7\/\",\"name\":\"Etappe 7 - BaLo\",\"isPartOf\":{\"@id\":\"https:\/\/balo.valo139.net\/#website\"},\"datePublished\":\"2023-02-06T22:24:35+00:00\",\"dateModified\":\"2024-07-02T03:52:36+00:00\",\"breadcrumb\":{\"@id\":\"https:\/\/balo.valo139.net\/index.php\/etappe-7\/#breadcrumb\"},\"inLanguage\":\"de-CH\",\"potentialAction\":[{\"@type\":\"ReadAction\",\"target\":[\"https:\/\/balo.valo139.net\/index.php\/etappe-7\/\"]}]},{\"@type\":\"BreadcrumbList\",\"@id\":\"https:\/\/balo.valo139.net\/index.php\/etappe-7\/#breadcrumb\",\"itemListElement\":[{\"@type\":\"ListItem\",\"position\":1,\"name\":\"Startseite\",\"item\":\"https:\/\/balo.valo139.net\/\"},{\"@type\":\"ListItem\",\"position\":2,\"name\":\"Etappe 7\"}]},{\"@type\":\"WebSite\",\"@id\":\"https:\/\/balo.valo139.net\/#website\",\"url\":\"https:\/\/balo.valo139.net\/\",\"name\":\"BaLo\",\"description\":\"Velotour: Basel \u2013 London\",\"publisher\":{\"@id\":\"https:\/\/balo.valo139.net\/#organization\"},\"potentialAction\":[{\"@type\":\"SearchAction\",\"target\":{\"@type\":\"EntryPoint\",\"urlTemplate\":\"https:\/\/balo.valo139.net\/?s={search_term_string}\"},\"query-input\":\"required name=search_term_string\"}],\"inLanguage\":\"de-CH\"},{\"@type\":\"Organization\",\"@id\":\"https:\/\/balo.valo139.net\/#organization\",\"name\":\"BaLo\",\"url\":\"https:\/\/balo.valo139.net\/\",\"logo\":{\"@type\":\"ImageObject\",\"inLanguage\":\"de-CH\",\"@id\":\"https:\/\/balo.valo139.net\/#\/schema\/logo\/image\/\",\"url\":\"https:\/\/balo.valo139.net\/wp-content\/uploads\/2024\/06\/BaLo.svg\",\"contentUrl\":\"https:\/\/balo.valo139.net\/wp-content\/uploads\/2024\/06\/BaLo.svg\",\"width\":404,\"height\":394,\"caption\":\"BaLo\"},\"image\":{\"@id\":\"https:\/\/balo.valo139.net\/#\/schema\/logo\/image\/\"}}]}<\/script>\n<!-- \/ Yoast SEO plugin. -->","yoast_head_json":{"title":"Etappe 7 - BaLo","robots":{"index":"index","follow":"follow","max-snippet":"max-snippet:-1","max-image-preview":"max-image-preview:large","max-video-preview":"max-video-preview:-1"},"canonical":"https:\/\/balo.valo139.net\/index.php\/etappe-7\/","og_locale":"de_DE","og_type":"article","og_title":"Etappe 7 - BaLo","og_description":"Etappe 7 Etappe 7 wird wieder so flach wie diejenige von BaBu. HIngegen zum Vortag sollte es jedoch um einiges spannender werden. Als Erstes passieren wir die Innenstadt von Kortrijk, anschliessend die ber\u00fchmte Stadt Ypern (wichtige Schlacht(en) im Ersten Weltkrieg) und schlussendlich noch Abschnitte der n\u00f6rdlichen Kanalk\u00fcste wie z.B. die Stadt D\u00fcnkirchen. Bildergalerie Zur\u00fcck Weiter","og_url":"https:\/\/balo.valo139.net\/index.php\/etappe-7\/","og_site_name":"BaLo","article_modified_time":"2024-07-02T03:52:36+00:00","twitter_card":"summary_large_image","twitter_misc":{"Gesch\u00e4tzte Lesezeit":"1\u00a0Minute"},"schema":{"@context":"https:\/\/schema.org","@graph":[{"@type":"WebPage","@id":"https:\/\/balo.valo139.net\/index.php\/etappe-7\/","url":"https:\/\/balo.valo139.net\/index.php\/etappe-7\/","name":"Etappe 7 - BaLo","isPartOf":{"@id":"https:\/\/balo.valo139.net\/#website"},"datePublished":"2023-02-06T22:24:35+00:00","dateModified":"2024-07-02T03:52:36+00:00","breadcrumb":{"@id":"https:\/\/balo.valo139.net\/index.php\/etappe-7\/#breadcrumb"},"inLanguage":"de-CH","potentialAction":[{"@type":"ReadAction","target":["https:\/\/balo.valo139.net\/index.php\/etappe-7\/"]}]},{"@type":"BreadcrumbList","@id":"https:\/\/balo.valo139.net\/index.php\/etappe-7\/#breadcrumb","itemListElement":[{"@type":"ListItem","position":1,"name":"Startseite","item":"https:\/\/balo.valo139.net\/"},{"@type":"ListItem","position":2,"name":"Etappe 7"}]},{"@type":"WebSite","@id":"https:\/\/balo.valo139.net\/#website","url":"https:\/\/balo.valo139.net\/","name":"BaLo","description":"Velotour: Basel \u2013 London","publisher":{"@id":"https:\/\/balo.valo139.net\/#organization"},"potentialAction":[{"@type":"SearchAction","target":{"@type":"EntryPoint","urlTemplate":"https:\/\/balo.valo139.net\/?s={search_term_string}"},"query-input":"required name=search_term_string"}],"inLanguage":"de-CH"},{"@type":"Organization","@id":"https:\/\/balo.valo139.net\/#organization","name":"BaLo","url":"https:\/\/balo.valo139.net\/","logo":{"@type":"ImageObject","inLanguage":"de-CH","@id":"https:\/\/balo.valo139.net\/#\/schema\/logo\/image\/","url":"https:\/\/balo.valo139.net\/wp-content\/uploads\/2024\/06\/BaLo.svg","contentUrl":"https:\/\/balo.valo139.net\/wp-content\/uploads\/2024\/06\/BaLo.svg","width":404,"height":394,"caption":"BaLo"},"image":{"@id":"https:\/\/balo.valo139.net\/#\/schema\/logo\/image\/"}}]}},"featured_media_urls":[],"_links":{"self":[{"href":"https:\/\/balo.valo139.net\/index.php\/wp-json\/wp\/v2\/pages\/368","targetHints":{"allow":["GET"]}}],"collection":[{"href":"https:\/\/balo.valo139.net\/index.php\/wp-json\/wp\/v2\/pages"}],"about":[{"href":"https:\/\/balo.valo139.net\/index.php\/wp-json\/wp\/v2\/types\/page"}],"author":[{"embeddable":true,"href":"https:\/\/balo.valo139.net\/index.php\/wp-json\/wp\/v2\/users\/1"}],"replies":[{"embeddable":true,"href":"https:\/\/balo.valo139.net\/index.php\/wp-json\/wp\/v2\/comments?post=368"}],"version-history":[{"count":3,"href":"https:\/\/balo.valo139.net\/index.php\/wp-json\/wp\/v2\/pages\/368\/revisions"}],"predecessor-version":[{"id":1543,"href":"https:\/\/balo.valo139.net\/index.php\/wp-json\/wp\/v2\/pages\/368\/revisions\/1543"}],"wp:attachment":[{"href":"https:\/\/balo.valo139.net\/index.php\/wp-json\/wp\/v2\/media?parent=368"}],"curies":[{"name":"wp","href":"https:\/\/api.w.org\/{rel}","templated":true}]}}